{"id":12453,"date":"2025-03-01T13:48:19","date_gmt":"2025-03-01T13:48:19","guid":{"rendered":"https:\/\/darkviolet-ram-161551.hostingersite.com\/?post_type=product&#038;p=12453"},"modified":"2025-10-15T21:09:08","modified_gmt":"2025-10-15T21:09:08","slug":"cocotte-express-inox","status":"publish","type":"product","link":"https:\/\/store.mariages.io\/ar\/product\/cocotte-express-inox\/","title":{"rendered":"\u0637\u0628\u0642 \u062e\u0632\u0641\u064a \u0645\u0646 \u0627\u0644\u0641\u0648\u0644\u0627\u0630 \u0627\u0644\u0645\u0642\u0627\u0648\u0645 \u0644\u0644\u0635\u062f\u0623 \u0645\u0646 EXPRESS"},"content":{"rendered":"<p>Points forts<br \/>\n\u0641\u0648\u0644\u0627\u0630 \u0645\u0642\u0627\u0648\u0645 \u0644\u0644\u0635\u062f\u0623 \u0639\u0627\u0644\u064a \u0627\u0644\u062c\u0648\u062f\u0629 18\/10<br \/>\nTriple syst\u00e8me de s\u00e9curit\u00e9<\/p>\n<p>Panier en inox offert<br \/>\nBouton de serrage et anses tr\u00e8s r\u00e9sistants ( en bak\u00e9lite )<br \/>\nPi\u00e8ces d\u00e9tach\u00e9es disponibles<br \/>\nLong\u00e9vit\u00e9<br \/>\nFacile \u00e0 entretenir<br \/>\nGamme compl\u00e8te : 3L ; 4,5 L ; 6L ; 8L ; 10L ; 12L<\/p>\n<p>\u0642\u0637\u0631 \u0643\u0628\u064a\u0631 \u0648\u0642\u0627\u0639\u062f\u0629 \u062b\u0644\u0627\u062b\u064a\u0629 \u0644\u0644\u0637\u0647\u064a \u0627\u0644\u0645\u062a\u0633\u0627\u0648\u064a<\/p>\n<p>3L : D 195 mm H 125 mm<\/p>\n<p>4,5 L : D 240 mm H 115 mm<\/p>\n<p>6 L : D 240 mm H 150 mm<\/p>\n<p>8L : D 240 mm H 180 mm<\/p>\n<p>10 L : D 265 mm H 195 mm<\/p>\n<p>12 L : D 265 mm. H 217 mm<\/p>\n<p>\u0645\u0648\u0636\u0648\u0639 :<br \/>\n\u0641\u0648\u0644\u0627\u0630 \u0645\u0642\u0627\u0648\u0645 \u0644\u0644\u0635\u062f\u0623 \u0639\u0627\u0644\u064a \u0627\u0644\u062c\u0648\u062f\u0629 18\/10<br \/>\n\u062d\u0645\u0627\u064a\u0629 :<br \/>\nTriple s\u00e9curit\u00e9<br \/>\n\u0637\u0628\u062e :<br \/>\nCuisson rapide et \u00e9conomique<br \/>\n\u064a\u062a\u0631\u0627\u0648\u062d :<br \/>\nInox<br \/>\n\u0627\u0644\u0642\u062f\u0631\u0627\u062a:<br \/>\n3L ; 4,5 L ; 6L ; 8L ; 10L ; 12L<br \/>\n\u0645\u0642\u0627\u0628\u0644\u0629 :<br \/>\n\u0633\u0647\u0644<\/p>","protected":false},"excerpt":{"rendered":"<p>La cocotte en inox Express est le mod\u00e8le traditionnel et authentique. Il est votre alli\u00e9 sant\u00e9 pour toute la famille. Durable et facile \u00e0 entretenir.<\/p>","protected":false},"featured_media":12454,"comment_status":"open","ping_status":"closed","template":"","meta":{"_joinchat":[]},"product_brand":[],"product_cat":[178,179],"product_tag":[],"class_list":{"0":"post-12453","1":"product","2":"type-product","3":"status-publish","4":"has-post-thumbnail","6":"product_cat-cuisine","7":"product_cat-ustensiles","9":"first","10":"instock","11":"shipping-taxable","12":"purchasable","13":"product-type-simple"},"yoast_head":"<!-- This site is optimized with the Yoast SEO plugin v26.7 - https:\/\/yoast.com\/wordpress\/plugins\/seo\/ -->\n<title>Cocotte EXPRESS Inox - Mariages.io store<\/title>\n<meta name=\"description\" content=\"Ajoutez \u00e0 votre batterie cuisine inox la cocotte Express : inox 18\/10, triple fond, triple s\u00e9curit\u00e9 et pi\u00e8ces d\u00e9tach\u00e9es disponibles pour une long\u00e9vit\u00e9 max\" \/>\n<meta name=\"robots\" content=\"index, follow, max-snippet:-1, max-image-preview:large, max-video-preview:-1\" \/>\n<link rel=\"canonical\" href=\"https:\/\/store.mariages.io\/ar\/product\/cocotte-express-inox\/\" \/>\n<meta property=\"og:locale\" content=\"ar_AR\" \/>\n<meta property=\"og:type\" content=\"article\" \/>\n<meta property=\"og:title\" content=\"Cocotte EXPRESS Inox - Mariages.io store\" \/>\n<meta property=\"og:description\" content=\"Ajoutez \u00e0 votre batterie cuisine inox la cocotte Express : inox 18\/10, triple fond, triple s\u00e9curit\u00e9 et pi\u00e8ces d\u00e9tach\u00e9es disponibles pour une long\u00e9vit\u00e9 max\" \/>\n<meta property=\"og:url\" content=\"https:\/\/store.mariages.io\/ar\/product\/cocotte-express-inox\/\" \/>\n<meta property=\"og:site_name\" content=\"Mariages.io store\" \/>\n<meta property=\"article:modified_time\" content=\"2025-10-15T21:09:08+00:00\" \/>\n<meta property=\"og:image\" content=\"https:\/\/store.mariages.io\/wp-content\/uploads\/2025\/03\/cocotteexpress-expresscuisson-casablanca-maroc_1.webp\" \/>\n\t<meta property=\"og:image:width\" content=\"800\" \/>\n\t<meta property=\"og:image:height\" content=\"800\" \/>\n\t<meta property=\"og:image:type\" content=\"image\/webp\" \/>\n<meta name=\"twitter:card\" content=\"summary_large_image\" \/>\n<meta name=\"twitter:label1\" content=\"\u0648\u0642\u062a \u0627\u0644\u0642\u0631\u0627\u0621\u0629 \u0627\u0644\u0645\u064f\u0642\u062f\u0651\u0631\" \/>\n\t<meta name=\"twitter:data1\" content=\"\u062f\u0642\u064a\u0642\u0629 \u0648\u0627\u062d\u062f\u0629\" \/>\n<script type=\"application\/ld+json\" class=\"yoast-schema-graph\">{\"@context\":\"https:\/\/schema.org\",\"@graph\":[{\"@type\":\"WebPage\",\"@id\":\"https:\/\/store.mariages.io\/product\/cocotte-express-inox\/\",\"url\":\"https:\/\/store.mariages.io\/product\/cocotte-express-inox\/\",\"name\":\"Cocotte EXPRESS Inox - Mariages.io store\",\"isPartOf\":{\"@id\":\"https:\/\/darkviolet-ram-161551.hostingersite.com\/#website\"},\"primaryImageOfPage\":{\"@id\":\"https:\/\/store.mariages.io\/product\/cocotte-express-inox\/#primaryimage\"},\"image\":{\"@id\":\"https:\/\/store.mariages.io\/product\/cocotte-express-inox\/#primaryimage\"},\"thumbnailUrl\":\"https:\/\/store.mariages.io\/wp-content\/uploads\/2025\/03\/cocotteexpress-expresscuisson-casablanca-maroc_1.webp\",\"datePublished\":\"2025-03-01T13:48:19+00:00\",\"dateModified\":\"2025-10-15T21:09:08+00:00\",\"description\":\"Ajoutez \u00e0 votre batterie cuisine inox la cocotte Express : inox 18\/10, triple fond, triple s\u00e9curit\u00e9 et pi\u00e8ces d\u00e9tach\u00e9es disponibles pour une long\u00e9vit\u00e9 max\",\"breadcrumb\":{\"@id\":\"https:\/\/store.mariages.io\/product\/cocotte-express-inox\/#breadcrumb\"},\"inLanguage\":\"ar\",\"potentialAction\":[{\"@type\":\"ReadAction\",\"target\":[\"https:\/\/store.mariages.io\/product\/cocotte-express-inox\/\"]}]},{\"@type\":\"ImageObject\",\"inLanguage\":\"ar\",\"@id\":\"https:\/\/store.mariages.io\/product\/cocotte-express-inox\/#primaryimage\",\"url\":\"https:\/\/store.mariages.io\/wp-content\/uploads\/2025\/03\/cocotteexpress-expresscuisson-casablanca-maroc_1.webp\",\"contentUrl\":\"https:\/\/store.mariages.io\/wp-content\/uploads\/2025\/03\/cocotteexpress-expresscuisson-casablanca-maroc_1.webp\",\"width\":800,\"height\":800},{\"@type\":\"BreadcrumbList\",\"@id\":\"https:\/\/store.mariages.io\/product\/cocotte-express-inox\/#breadcrumb\",\"itemListElement\":[{\"@type\":\"ListItem\",\"position\":1,\"name\":\"Home\",\"item\":\"https:\/\/darkviolet-ram-161551.hostingersite.com\/\"},{\"@type\":\"ListItem\",\"position\":2,\"name\":\"Shop\",\"item\":\"https:\/\/store.mariages.io\/shop\/\"},{\"@type\":\"ListItem\",\"position\":3,\"name\":\"Cocotte EXPRESS Inox\"}]},{\"@type\":\"WebSite\",\"@id\":\"https:\/\/darkviolet-ram-161551.hostingersite.com\/#website\",\"url\":\"https:\/\/darkviolet-ram-161551.hostingersite.com\/\",\"name\":\"Mariages.io store\",\"description\":\"STORE Mariages.IO\",\"potentialAction\":[{\"@type\":\"SearchAction\",\"target\":{\"@type\":\"EntryPoint\",\"urlTemplate\":\"https:\/\/darkviolet-ram-161551.hostingersite.com\/?s={search_term_string}\"},\"query-input\":{\"@type\":\"PropertyValueSpecification\",\"valueRequired\":true,\"valueName\":\"search_term_string\"}}],\"inLanguage\":\"ar\"}]}<\/script>\n<!-- \/ Yoast SEO plugin. -->","yoast_head_json":{"title":"Cocotte EXPRESS Inox - Mariages.io store","description":"Ajoutez \u00e0 votre batterie cuisine inox la cocotte Express : inox 18\/10, triple fond, triple s\u00e9curit\u00e9 et pi\u00e8ces d\u00e9tach\u00e9es disponibles pour une long\u00e9vit\u00e9 max","robots":{"index":"index","follow":"follow","max-snippet":"max-snippet:-1","max-image-preview":"max-image-preview:large","max-video-preview":"max-video-preview:-1"},"canonical":"https:\/\/store.mariages.io\/ar\/product\/cocotte-express-inox\/","og_locale":"ar_AR","og_type":"article","og_title":"Cocotte EXPRESS Inox - Mariages.io store","og_description":"Ajoutez \u00e0 votre batterie cuisine inox la cocotte Express : inox 18\/10, triple fond, triple s\u00e9curit\u00e9 et pi\u00e8ces d\u00e9tach\u00e9es disponibles pour une long\u00e9vit\u00e9 max","og_url":"https:\/\/store.mariages.io\/ar\/product\/cocotte-express-inox\/","og_site_name":"Mariages.io store","article_modified_time":"2025-10-15T21:09:08+00:00","og_image":[{"width":800,"height":800,"url":"https:\/\/store.mariages.io\/wp-content\/uploads\/2025\/03\/cocotteexpress-expresscuisson-casablanca-maroc_1.webp","type":"image\/webp"}],"twitter_card":"summary_large_image","twitter_misc":{"\u0648\u0642\u062a \u0627\u0644\u0642\u0631\u0627\u0621\u0629 \u0627\u0644\u0645\u064f\u0642\u062f\u0651\u0631":"\u062f\u0642\u064a\u0642\u0629 \u0648\u0627\u062d\u062f\u0629"},"schema":{"@context":"https:\/\/schema.org","@graph":[{"@type":"WebPage","@id":"https:\/\/store.mariages.io\/product\/cocotte-express-inox\/","url":"https:\/\/store.mariages.io\/product\/cocotte-express-inox\/","name":"Cocotte EXPRESS Inox - Mariages.io store","isPartOf":{"@id":"https:\/\/darkviolet-ram-161551.hostingersite.com\/#website"},"primaryImageOfPage":{"@id":"https:\/\/store.mariages.io\/product\/cocotte-express-inox\/#primaryimage"},"image":{"@id":"https:\/\/store.mariages.io\/product\/cocotte-express-inox\/#primaryimage"},"thumbnailUrl":"https:\/\/store.mariages.io\/wp-content\/uploads\/2025\/03\/cocotteexpress-expresscuisson-casablanca-maroc_1.webp","datePublished":"2025-03-01T13:48:19+00:00","dateModified":"2025-10-15T21:09:08+00:00","description":"Ajoutez \u00e0 votre batterie cuisine inox la cocotte Express : inox 18\/10, triple fond, triple s\u00e9curit\u00e9 et pi\u00e8ces d\u00e9tach\u00e9es disponibles pour une long\u00e9vit\u00e9 max","breadcrumb":{"@id":"https:\/\/store.mariages.io\/product\/cocotte-express-inox\/#breadcrumb"},"inLanguage":"ar","potentialAction":[{"@type":"ReadAction","target":["https:\/\/store.mariages.io\/product\/cocotte-express-inox\/"]}]},{"@type":"ImageObject","inLanguage":"ar","@id":"https:\/\/store.mariages.io\/product\/cocotte-express-inox\/#primaryimage","url":"https:\/\/store.mariages.io\/wp-content\/uploads\/2025\/03\/cocotteexpress-expresscuisson-casablanca-maroc_1.webp","contentUrl":"https:\/\/store.mariages.io\/wp-content\/uploads\/2025\/03\/cocotteexpress-expresscuisson-casablanca-maroc_1.webp","width":800,"height":800},{"@type":"BreadcrumbList","@id":"https:\/\/store.mariages.io\/product\/cocotte-express-inox\/#breadcrumb","itemListElement":[{"@type":"ListItem","position":1,"name":"Home","item":"https:\/\/darkviolet-ram-161551.hostingersite.com\/"},{"@type":"ListItem","position":2,"name":"Shop","item":"https:\/\/store.mariages.io\/shop\/"},{"@type":"ListItem","position":3,"name":"Cocotte EXPRESS Inox"}]},{"@type":"WebSite","@id":"https:\/\/darkviolet-ram-161551.hostingersite.com\/#website","url":"https:\/\/darkviolet-ram-161551.hostingersite.com\/","name":"Mariages.io store","description":"STORE Mariages.IO","potentialAction":[{"@type":"SearchAction","target":{"@type":"EntryPoint","urlTemplate":"https:\/\/darkviolet-ram-161551.hostingersite.com\/?s={search_term_string}"},"query-input":{"@type":"PropertyValueSpecification","valueRequired":true,"valueName":"search_term_string"}}],"inLanguage":"ar"}]}},"_links":{"self":[{"href":"https:\/\/store.mariages.io\/ar\/wp-json\/wp\/v2\/product\/12453","targetHints":{"allow":["GET"]}}],"collection":[{"href":"https:\/\/store.mariages.io\/ar\/wp-json\/wp\/v2\/product"}],"about":[{"href":"https:\/\/store.mariages.io\/ar\/wp-json\/wp\/v2\/types\/product"}],"replies":[{"embeddable":true,"href":"https:\/\/store.mariages.io\/ar\/wp-json\/wp\/v2\/comments?post=12453"}],"version-history":[{"count":2,"href":"https:\/\/store.mariages.io\/ar\/wp-json\/wp\/v2\/product\/12453\/revisions"}],"predecessor-version":[{"id":12733,"href":"https:\/\/store.mariages.io\/ar\/wp-json\/wp\/v2\/product\/12453\/revisions\/12733"}],"wp:featuredmedia":[{"embeddable":true,"href":"https:\/\/store.mariages.io\/ar\/wp-json\/wp\/v2\/media\/12454"}],"wp:attachment":[{"href":"https:\/\/store.mariages.io\/ar\/wp-json\/wp\/v2\/media?parent=12453"}],"wp:term":[{"taxonomy":"product_brand","embeddable":true,"href":"https:\/\/store.mariages.io\/ar\/wp-json\/wp\/v2\/product_brand?post=12453"},{"taxonomy":"product_cat","embeddable":true,"href":"https:\/\/store.mariages.io\/ar\/wp-json\/wp\/v2\/product_cat?post=12453"},{"taxonomy":"product_tag","embeddable":true,"href":"https:\/\/store.mariages.io\/ar\/wp-json\/wp\/v2\/product_tag?post=12453"}],"curies":[{"name":"wp","href":"https:\/\/api.w.org\/{rel}","templated":true}]}}